{"id":133225,"date":"2024-12-26T14:08:45","date_gmt":"2024-12-26T13:08:45","guid":{"rendered":"https:\/\/camping-la-rochelle-alacorniche.com\/legale-erwaehnungen\/"},"modified":"2026-04-21T09:19:15","modified_gmt":"2026-04-21T07:19:15","slug":"legale-erwaehnungen","status":"publish","type":"page","link":"https:\/\/camping-la-rochelle-alacorniche.com\/de\/legale-erwaehnungen\/","title":{"rendered":"Rechtliche Hinweise"},"content":{"rendered":"\n<div class=\"wp-block-group alignfull has-global-padding is-layout-constrained wp-container-core-group-is-layout-73e2de76 wp-block-group-is-layout-constrained\" style=\"padding-top:84px;padding-bottom:var(--wp--preset--spacing--40)\">\n<div class=\"wp-block-columns alignwide are-vertically-aligned-center is-layout-flex wp-container-core-columns-is-layout-a85f4655 wp-block-columns-is-layout-flex\">\n<div class=\"wp-block-column is-layout-flow wp-block-column-is-layout-flow\">\n<h1 class=\"wp-block-heading alignwide has-text-align-center\">Rechtliche Hinweise<\/h1>\n\n\n\n<h2 class=\"wp-block-heading ls-heading\">Verantwortlich f\u00fcr die Website<\/h2>\n\n\n\n<p class=\"ls-paragraph\"><strong>L&#8217;ARMATEUR DU SOLEIL<\/strong><strong>(SARL<\/strong>) <br \/>11 RUE DU FENOUIL - 66600 RIVESALTES <br \/>Tel. <mark style=\"background-color:#d8613c\" class=\"has-inline-color\">\u00c0 VENIR<\/mark> <br \/>Email: contact@larmateurdusoleil.fr <br \/>SIREN: 452 293 954 <br \/>Intrakommunale Mehrwertsteuer: FR90452293954 <br \/>Gesellschaftskapital: 8045\u20ac <br \/>Verantwortlich f\u00fcr die Ver\u00f6ffentlichung: <mark style=\"background-color:#d8613c\" class=\"has-inline-color\">\u00c0 VENIR<\/mark><\/p>\n\n\n\n<h2 class=\"wp-block-heading ls-heading\">REALISIERUNG<\/h2>\n\n\n\n<p class=\"ls-paragraph\"><strong>GEEK TONIC<\/strong><br \/>Vertreten durch Herrn Yohan Darmayan in seiner Eigenschaft als Gesch\u00e4ftsf\u00fchrer<br \/>Gesch\u00e4ftssitz: 50 AV. DU LAC MARION 64200 BIARRITZ<br \/>Tel.: 05 32 74 11 52<br \/>E-mail: support@geek-tonic.com<br \/>Website: <a href=\"https:\/\/www.geek-tonic.com\/\" target=\"_blank\" rel=\"noopener\">www.geek-tonic.com<\/a><br \/>SIRET: 89746755100015<br \/>APE: 6201Z <\/p>\n\n\n\n<h2 class=\"wp-block-heading ls-heading\">URHEBERRECHT UND COPYRIGHTS<\/h2>\n\n\n\n<p class=\"ls-paragraph\">Der gesamte Inhalt dieser Website unterliegt dem Urheberrecht sowie dem geistigen Eigentum der franz\u00f6sischen Gesetzgebung. Jede Vervielf\u00e4ltigung (einschlie\u00dflich Fotos, Icons und herunterladbarer Dokumente) ist ohne vorherige Zustimmung von GEEK TONIC untersagt. Die Vervielf\u00e4ltigung der gesamten oder eines Teils der Website in Papier- oder elektronischem Format auf einem elektronischen Datentr\u00e4ger ist verboten. GEEK TONIC \u00fcbernimmt keine Verantwortung f\u00fcr die Inhalte auf der Website. GEEK TONIC \u00fcbernimmt auch keine Verantwortung f\u00fcr externe Links, die auf diese Website verweisen.   <\/p>\n\n\n\n<h2 class=\"wp-block-heading ls-heading\" id=\"m-t-6\">PERS\u00d6NLICHE DATEN UND NAMENTLICHE INFORMATIONEN<\/h2>\n\n\n\n<p class=\"ls-paragraph\">Sie haben ein Recht auf Zugang, \u00c4nderung, Berichtigung und L\u00f6schung der Sie betreffenden Daten gem\u00e4\u00df Artikel 34 des Gesetzes &#8222;Informatique et Libert\u00e9s&#8220; Nr. 78-17 vom 6. Januar 1978, ge\u00e4ndert am 6. August 2018. Um dieses Zugangsrecht auszu\u00fcben, k\u00f6nnen Sie eine einfache schriftliche Anfrage an den Herausgeber der Website richten. <\/p>\n\n\n\n<h2 class=\"wp-block-heading ls-heading\">RECHTSGESETZE<\/h2>\n\n\n\n<p class=\"ls-paragraph\">Gem\u00e4\u00df dem Gesetz vom 11. M\u00e4rz 1957 (Art. 41) und dem Gesetzbuch \u00fcber geistiges Eigentum vom 1. Juli 1992 ist es verboten, einen Teil der Website ohne vorherige Genehmigung des Herausgebers der Website teilweise oder vollst\u00e4ndig zu reproduzieren. Die Logos, Bilder, Fotos, Videos, Grafiken und Texte sind Eigentum ihrer jeweiligen Besitzer. Diese Website kann ohne sein Wissen mit anderen Websites \u00fcber Hypermedia-Links verbunden sein. Der Herausgeber der Website lehnt jede Verantwortung f\u00fcr die Informationen auf diesen anderen Websites ab. Der Internetnutzer erkennt an, dass die Nutzung dieser Website dem franz\u00f6sischen Recht unterliegt.    <\/p>\n<\/div>\n<\/div>\n<\/div>\n","protected":false},"excerpt":{"rendered":"<p>Rechtliche Hinweise Verantwortlich f\u00fcr die Website L&#8217;ARMATEUR DU SOLEIL(SARL) 11 RUE DU FENOUIL - 66600 RIVESALTES Tel. \u00c0 VENIR Email: contact@larmateurdusoleil.fr SIREN: 452 293 954 Intrakommunale Mehrwertsteuer: FR90452293954 Gesellschaftskapital: 8045\u20ac Verantwortlich f\u00fcr die Ver\u00f6ffentlichung: \u00c0 VENIR REALISIERUNG GEEK TONICVertreten durch Herrn Yohan Darmayan in seiner Eigenschaft als Gesch\u00e4ftsf\u00fchrerGesch\u00e4ftssitz: 50 AV. DU LAC MARION 64200 BIARRITZTel.: [&hellip;]<\/p>\n","protected":false},"author":1,"featured_media":133226,"parent":0,"menu_order":0,"comment_status":"closed","ping_status":"closed","template":"","meta":{"_acf_changed":false,"_seopress_robots_primary_cat":"","_seopress_titles_title":"%%post_title%% %%sep%% %%sitetitle%%","_seopress_titles_desc":"Lesen Sie die rechtlichen Hinweise der Website des Campingplatzes \u00c0 la Corniche. Informationen \u00fcber den Verantwortlichen der Website, die Realisierung, das Urheberrecht, den Schutz pers\u00f6nlicher Daten und die anwendbare Gesetzgebung. ","_seopress_robots_index":"yes","inline_featured_image":false,"gt_fse_maillage_image":"https:\/\/camping-la-rochelle-alacorniche.com\/wp-content\/uploads\/sites\/6\/2025\/02\/2024.09.15-shooting-lifestyle-a-la-corniche-web-12.webp","gt_fse_maillage_titre":"Rechtliche Hinweise","gt_fse_maillage_alt":"Rechtliche Hinweise","gt_fse_maillage_resume":"","_gt_maillage_image":0,"_gt_maillage_video":0,"_gt_maillage_title":"","footnotes":""},"categories":[],"tags":[],"class_list":["post-133225","page","type-page","status-publish","has-post-thumbnail"],"acf":[],"_links":{"self":[{"href":"https:\/\/camping-la-rochelle-alacorniche.com\/de\/wp-json\/wp\/v2\/pages\/133225","targetHints":{"allow":["GET"]}}],"collection":[{"href":"https:\/\/camping-la-rochelle-alacorniche.com\/de\/wp-json\/wp\/v2\/pages"}],"about":[{"href":"https:\/\/camping-la-rochelle-alacorniche.com\/de\/wp-json\/wp\/v2\/types\/page"}],"author":[{"embeddable":true,"href":"https:\/\/camping-la-rochelle-alacorniche.com\/de\/wp-json\/wp\/v2\/users\/1"}],"replies":[{"embeddable":true,"href":"https:\/\/camping-la-rochelle-alacorniche.com\/de\/wp-json\/wp\/v2\/comments?post=133225"}],"version-history":[{"count":6,"href":"https:\/\/camping-la-rochelle-alacorniche.com\/de\/wp-json\/wp\/v2\/pages\/133225\/revisions"}],"predecessor-version":[{"id":214498,"href":"https:\/\/camping-la-rochelle-alacorniche.com\/de\/wp-json\/wp\/v2\/pages\/133225\/revisions\/214498"}],"wp:featuredmedia":[{"embeddable":true,"href":"https:\/\/camping-la-rochelle-alacorniche.com\/de\/wp-json\/wp\/v2\/media\/133226"}],"wp:attachment":[{"href":"https:\/\/camping-la-rochelle-alacorniche.com\/de\/wp-json\/wp\/v2\/media?parent=133225"}],"wp:term":[{"taxonomy":"category","embeddable":true,"href":"https:\/\/camping-la-rochelle-alacorniche.com\/de\/wp-json\/wp\/v2\/categories?post=133225"},{"taxonomy":"post_tag","embeddable":true,"href":"https:\/\/camping-la-rochelle-alacorniche.com\/de\/wp-json\/wp\/v2\/tags?post=133225"}],"curies":[{"name":"wp","href":"https:\/\/api.w.org\/{rel}","templated":true}]}}